{"id":2905,"date":"2018-04-20T19:55:30","date_gmt":"2018-04-20T19:55:30","guid":{"rendered":"http:\/\/localhost:10048\/effacer-mes-traces\/"},"modified":"2020-12-01T19:45:42","modified_gmt":"2020-12-01T19:45:42","slug":"effacer-mes-traces","status":"publish","type":"page","link":"https:\/\/lautrechezsoi.com\/es\/effacer-mes-traces\/","title":{"rendered":"Borrar mis huellas"},"content":{"rendered":"<h1>AQU\u00cd TE EXPLICAMOS C\u00d3MO BORRAR<br \/>\nEL HISTORIAL DE TU VISITA<\/h1>\n<p><strong>Si lo deseas, puedes aplicar los siguientes pasos para borrar todo rastro de tu visita a nuestro sitio web.<\/strong><\/p>\n<h2>Microsoft Internet Explorer 6.x para Windows<\/h2>\n<ul>\n<li>En el men\u00fa <strong>Herramientas<\/strong>, haz clic en <strong>Opciones de Internet<\/strong><\/li>\n<li>Haz clic en la pesta\u00f1a <strong>General<\/strong><\/li>\n<li>En la secci\u00f3n \u00abArchivos temporales de Internet\u00bb, haz clic en <strong>Borrar archivos<\/strong><\/li>\n<li>Haz clic en <strong>Aceptar<\/strong>para volver al navegador<\/li>\n<\/ul>\n<h2>Microsoft Internet Explorer 7.0 para Windows<\/h2>\n<ul>\n<li>En el men\u00fa <strong>Herramientas<\/strong>, haz clic en <strong>Opciones de Internet<\/strong><\/li>\n<li>Haz clic en la pesta\u00f1a <strong>General<\/strong><\/li>\n<li>En la secci\u00f3n \u00abHistorial de navegaci\u00f3n\u00bb, haz clic en <strong>Eliminar<\/strong><\/li>\n<li>En la ventana que aparece, haz clic en<strong>Borrar archivos<\/strong>\u00a0en la secci\u00f3n \u00abArchivos temporales de Internet\u00bb<\/li>\n<li>Haz clic en <strong>Aceptar<\/strong>para volver al navegador<\/li>\n<\/ul>\n<h2>Mozilla Firefox 1.5 &#8211; 3<\/h2>\n<ul>\n<li>En el men\u00fa <strong>Herramientas<\/strong>, selecciona <strong>Borrar mi rastro<\/strong><\/li>\n<li>Marca la casilla <strong>Cach\u00e9<\/strong><\/li>\n<li>Haz clic en<strong>Borrar mi rastro ahora<\/strong><\/li>\n<\/ul>\n<h2>Mozilla Firefox 3.5 y posteriores<\/h2>\n<ul>\n<li>En el men\u00fa <strong>Herramientas<\/strong>, selecciona<strong>Limpiar historial reciente<\/strong><\/li>\n<li>Selecciona <strong>Todo en Rango temporal a limpiar<\/strong><\/li>\n<li>Haz clic en <strong>Detalles<\/strong><\/li>\n<li>Marca solo las casillas <strong>Cookies<\/strong>y <strong>Cach\u00e9<\/strong><\/li>\n<li>Haz clic en <strong>Limpiar ahora<\/strong><\/li>\n<\/ul>\n<h2>Safari 1.3.2 y posteriores<\/h2>\n<ul>\n<li>Elige la opci\u00f3n <strong>Vaciar cach\u00e9 del men\u00fa Safari<\/strong><\/li>\n<li>Haz clic en <strong>Vaciar<\/strong><\/li>\n<\/ul>\n","protected":false},"excerpt":{"rendered":"<p>AQU\u00cd TE EXPLICAMOS C\u00d3MO BORRAR EL HISTORIAL DE TU VISITA Si lo deseas, puedes aplicar los siguientes pasos para borrar todo rastro de tu visita a nuestro sitio web. Microsoft Internet Explorer 6.x para Windows En el men\u00fa Herramientas, haz clic en Opciones de Internet Haz clic en la pesta\u00f1a General En la secci\u00f3n \u00abArchivos<a class=\"excerpt-read-more\" href=\"https:\/\/lautrechezsoi.com\/es\/effacer-mes-traces\/\" title=\"ReadBorrar mis huellas\">&#8230; Read more &raquo;<\/a><\/p>\n","protected":false},"author":1,"featured_media":0,"parent":0,"menu_order":0,"comment_status":"closed","ping_status":"closed","template":"page-effacer-mes-traces.php","meta":{"_acf_changed":false,"inline_featured_image":false,"footnotes":""},"class_list":["post-2905","page","type-page","status-publish","hentry"],"acf":[],"yoast_head":"<!-- This site is optimized with the Yoast SEO plugin v27.4 - https:\/\/yoast.com\/product\/yoast-seo-wordpress\/ -->\n<title>Borrar mis huellas - L&#039;autre Chez Soi<\/title>\n<meta name=\"robots\" content=\"index, follow, max-snippet:-1, max-image-preview:large, max-video-preview:-1\" \/>\n<link rel=\"canonical\" href=\"https:\/\/lautrechezsoi.com\/effacer-mes-traces\/\" \/>\n<meta property=\"og:locale\" content=\"es_ES\" \/>\n<meta property=\"og:type\" content=\"article\" \/>\n<meta property=\"og:title\" content=\"Borrar mis huellas - L&#039;autre Chez Soi\" \/>\n<meta property=\"og:description\" content=\"AQU\u00cd TE EXPLICAMOS C\u00d3MO BORRAR EL HISTORIAL DE TU VISITA Si lo deseas, puedes aplicar los siguientes pasos para borrar todo rastro de tu visita a nuestro sitio web. Microsoft Internet Explorer 6.x para Windows En el men\u00fa Herramientas, haz clic en Opciones de Internet Haz clic en la pesta\u00f1a General En la secci\u00f3n \u00abArchivos... Read more &raquo;\" \/>\n<meta property=\"og:url\" content=\"https:\/\/lautrechezsoi.com\/effacer-mes-traces\/\" \/>\n<meta property=\"og:site_name\" content=\"L&#039;autre Chez Soi\" \/>\n<meta property=\"article:modified_time\" content=\"2020-12-01T19:45:42+00:00\" \/>\n<meta name=\"twitter:card\" content=\"summary_large_image\" \/>\n<meta name=\"twitter:label1\" content=\"Tiempo de lectura\" \/>\n\t<meta name=\"twitter:data1\" content=\"1 minuto\" \/>\n<script type=\"application\/ld+json\" class=\"yoast-schema-graph\">{\"@context\":\"https:\\\/\\\/schema.org\",\"@graph\":[{\"@type\":\"WebPage\",\"@id\":\"https:\\\/\\\/lautrechezsoi.com\\\/effacer-mes-traces\\\/\",\"url\":\"https:\\\/\\\/lautrechezsoi.com\\\/effacer-mes-traces\\\/\",\"name\":\"Borrar mis huellas - L&#039;autre Chez Soi\",\"isPartOf\":{\"@id\":\"https:\\\/\\\/lautrechezsoi.com\\\/ar\\\/#website\"},\"datePublished\":\"2018-04-20T19:55:30+00:00\",\"dateModified\":\"2020-12-01T19:45:42+00:00\",\"breadcrumb\":{\"@id\":\"https:\\\/\\\/lautrechezsoi.com\\\/effacer-mes-traces\\\/#breadcrumb\"},\"inLanguage\":\"es\",\"potentialAction\":[{\"@type\":\"ReadAction\",\"target\":[\"https:\\\/\\\/lautrechezsoi.com\\\/effacer-mes-traces\\\/\"]}]},{\"@type\":\"BreadcrumbList\",\"@id\":\"https:\\\/\\\/lautrechezsoi.com\\\/effacer-mes-traces\\\/#breadcrumb\",\"itemListElement\":[{\"@type\":\"ListItem\",\"position\":1,\"name\":\"Home\",\"item\":\"https:\\\/\\\/lautrechezsoi.com\\\/es\\\/\"},{\"@type\":\"ListItem\",\"position\":2,\"name\":\"Borrar mis huellas\"}]},{\"@type\":\"WebSite\",\"@id\":\"https:\\\/\\\/lautrechezsoi.com\\\/ar\\\/#website\",\"url\":\"https:\\\/\\\/lautrechezsoi.com\\\/ar\\\/\",\"name\":\"L&#039;autre Chez Soi\",\"description\":\"\",\"potentialAction\":[{\"@type\":\"SearchAction\",\"target\":{\"@type\":\"EntryPoint\",\"urlTemplate\":\"https:\\\/\\\/lautrechezsoi.com\\\/ar\\\/?s={search_term_string}\"},\"query-input\":{\"@type\":\"PropertyValueSpecification\",\"valueRequired\":true,\"valueName\":\"search_term_string\"}}],\"inLanguage\":\"es\"}]}<\/script>\n<!-- \/ Yoast SEO plugin. -->","yoast_head_json":{"title":"Borrar mis huellas - L&#039;autre Chez Soi","robots":{"index":"index","follow":"follow","max-snippet":"max-snippet:-1","max-image-preview":"max-image-preview:large","max-video-preview":"max-video-preview:-1"},"canonical":"https:\/\/lautrechezsoi.com\/effacer-mes-traces\/","og_locale":"es_ES","og_type":"article","og_title":"Borrar mis huellas - L&#039;autre Chez Soi","og_description":"AQU\u00cd TE EXPLICAMOS C\u00d3MO BORRAR EL HISTORIAL DE TU VISITA Si lo deseas, puedes aplicar los siguientes pasos para borrar todo rastro de tu visita a nuestro sitio web. Microsoft Internet Explorer 6.x para Windows En el men\u00fa Herramientas, haz clic en Opciones de Internet Haz clic en la pesta\u00f1a General En la secci\u00f3n \u00abArchivos... Read more &raquo;","og_url":"https:\/\/lautrechezsoi.com\/effacer-mes-traces\/","og_site_name":"L&#039;autre Chez Soi","article_modified_time":"2020-12-01T19:45:42+00:00","twitter_card":"summary_large_image","twitter_misc":{"Tiempo de lectura":"1 minuto"},"schema":{"@context":"https:\/\/schema.org","@graph":[{"@type":"WebPage","@id":"https:\/\/lautrechezsoi.com\/effacer-mes-traces\/","url":"https:\/\/lautrechezsoi.com\/effacer-mes-traces\/","name":"Borrar mis huellas - L&#039;autre Chez Soi","isPartOf":{"@id":"https:\/\/lautrechezsoi.com\/ar\/#website"},"datePublished":"2018-04-20T19:55:30+00:00","dateModified":"2020-12-01T19:45:42+00:00","breadcrumb":{"@id":"https:\/\/lautrechezsoi.com\/effacer-mes-traces\/#breadcrumb"},"inLanguage":"es","potentialAction":[{"@type":"ReadAction","target":["https:\/\/lautrechezsoi.com\/effacer-mes-traces\/"]}]},{"@type":"BreadcrumbList","@id":"https:\/\/lautrechezsoi.com\/effacer-mes-traces\/#breadcrumb","itemListElement":[{"@type":"ListItem","position":1,"name":"Home","item":"https:\/\/lautrechezsoi.com\/es\/"},{"@type":"ListItem","position":2,"name":"Borrar mis huellas"}]},{"@type":"WebSite","@id":"https:\/\/lautrechezsoi.com\/ar\/#website","url":"https:\/\/lautrechezsoi.com\/ar\/","name":"L&#039;autre Chez Soi","description":"","potentialAction":[{"@type":"SearchAction","target":{"@type":"EntryPoint","urlTemplate":"https:\/\/lautrechezsoi.com\/ar\/?s={search_term_string}"},"query-input":{"@type":"PropertyValueSpecification","valueRequired":true,"valueName":"search_term_string"}}],"inLanguage":"es"}]}},"_links":{"self":[{"href":"https:\/\/lautrechezsoi.com\/es\/wp-json\/wp\/v2\/pages\/2905","targetHints":{"allow":["GET"]}}],"collection":[{"href":"https:\/\/lautrechezsoi.com\/es\/wp-json\/wp\/v2\/pages"}],"about":[{"href":"https:\/\/lautrechezsoi.com\/es\/wp-json\/wp\/v2\/types\/page"}],"author":[{"embeddable":true,"href":"https:\/\/lautrechezsoi.com\/es\/wp-json\/wp\/v2\/users\/1"}],"replies":[{"embeddable":true,"href":"https:\/\/lautrechezsoi.com\/es\/wp-json\/wp\/v2\/comments?post=2905"}],"version-history":[{"count":0,"href":"https:\/\/lautrechezsoi.com\/es\/wp-json\/wp\/v2\/pages\/2905\/revisions"}],"wp:attachment":[{"href":"https:\/\/lautrechezsoi.com\/es\/wp-json\/wp\/v2\/media?parent=2905"}],"curies":[{"name":"wp","href":"https:\/\/api.w.org\/{rel}","templated":true}]}}